{"id":2,"date":"2022-02-02T20:20:48","date_gmt":"2022-02-02T20:20:48","guid":{"rendered":"https:\/\/taxibuzau.ro\/?page_id=2"},"modified":"2025-07-13T04:07:42","modified_gmt":"2025-07-13T04:07:42","slug":"sample-page","status":"publish","type":"page","link":"https:\/\/taxibuzau.ro\/?page_id=2","title":{"rendered":"Taxi Buzau Marius"},"content":{"rendered":"\n\n\n\r\n<p>Datorit\u0103 dinamicii pie\u0163ei din ultimii ani \u015fi a concuren\u0163ei din ce \u00een ce mai mare, compania a considerat c\u0103 trebuie s\u0103 fac\u0103 un pas important, astfel, \u00een anul 2013 am pornit cu o nou\u0103 conducere \u015fi imagine sub acela\u015fi brand, deservind astfel cererile din ce \u00een ce mai numeroase ale clien\u0163ilor.<\/p>\r\n<blockquote class=\"wp-block-quote\">\r\n<p>&nbsp;<\/p>\r\n<\/blockquote>\r\n<p>&nbsp;<\/p>\r\n<blockquote class=\"wp-block-quote\">\r\n<p>.<\/p>\r\n<\/blockquote>\r\n<p>Stim ca orice afacere se bazeaza pe incredere si oferirea de servicii de calitate. Aici, la Taxi Buzau, suntem intr-o permanenta cautare de noi idei pentru a fi mereu in top. Suntem deschisi pentru discutii privind orice modalitate de colaborare. Deocamdata, Taxi Buzau va propune: \u2013 pentru Companii avem disponibil transport taxi in regim TAXI, cu plata la myPOS sau cash \u2013 Oferim numar special de telefon pentru contracte cu prioritate pentru dumneavoastra:0786300368 sau 0767743799 \u2013 pentru detinatorii de autorizatie taxi (taximetristi independenti, operatori de transport, societati comerciale) oferim dispecerat \u2013 Deasemenea, oferim spatiu publicitar pe masinile de taxi din parcul Taxi Buzau<\/p>\r\n\n\n\n","protected":false},"excerpt":{"rendered":"","protected":false},"author":10,"featured_media":0,"parent":0,"menu_order":0,"comment_status":"closed","ping_status":"closed","template":"","meta":{"footnotes":""},"class_list":["post-2","page","type-page","status-publish","hentry"],"_links":{"self":[{"href":"https:\/\/taxibuzau.ro\/index.php?rest_route=\/wp\/v2\/pages\/2","targetHints":{"allow":["GET"]}}],"collection":[{"href":"https:\/\/taxibuzau.ro\/index.php?rest_route=\/wp\/v2\/pages"}],"about":[{"href":"https:\/\/taxibuzau.ro\/index.php?rest_route=\/wp\/v2\/types\/page"}],"author":[{"embeddable":true,"href":"https:\/\/taxibuzau.ro\/index.php?rest_route=\/wp\/v2\/users\/10"}],"replies":[{"embeddable":true,"href":"https:\/\/taxibuzau.ro\/index.php?rest_route=%2Fwp%2Fv2%2Fcomments&post=2"}],"version-history":[{"count":7,"href":"https:\/\/taxibuzau.ro\/index.php?rest_route=\/wp\/v2\/pages\/2\/revisions"}],"predecessor-version":[{"id":1697,"href":"https:\/\/taxibuzau.ro\/index.php?rest_route=\/wp\/v2\/pages\/2\/revisions\/1697"}],"wp:attachment":[{"href":"https:\/\/taxibuzau.ro\/index.php?rest_route=%2Fwp%2Fv2%2Fmedia&parent=2"}],"curies":[{"name":"wp","href":"https:\/\/api.w.org\/{rel}","templated":true}]}}