{"id":66,"date":"2022-02-18T18:48:05","date_gmt":"2022-02-18T18:48:05","guid":{"rendered":"https:\/\/taxibuzau.ro\/home\/"},"modified":"2025-07-13T04:07:11","modified_gmt":"2025-07-13T04:07:11","slug":"taxibuzau-ro","status":"publish","type":"page","link":"https:\/\/taxibuzau.ro\/","title":{"rendered":"Acasa"},"content":{"rendered":"\n\n\n\r\n<p><span style=\"vertical-align: inherit;\"><span style=\"vertical-align: inherit;\">Bun venit la<\/span><\/span><\/p>\r\n\n\r\n<h6><span style=\"vertical-align: inherit;\"><span style=\"vertical-align: inherit;\">Taxi Buzau Serviciu de Taximetrie<\/span><\/span><\/h6>\r\n\n\n\n\n\n\n\n\r\n<p><span style=\"vertical-align: inherit;\"><span style=\"vertical-align: inherit;\">Profesionalism si seriozitatea ii caracterizeaza<\/span><\/span><\/p>\r\n\n\n\n\n\n\n\r\n<p><span style=\"vertical-align: inherit;\"><span style=\"vertical-align: inherit;\">Asiguram transport persoane de la\/spre aeroport ca sa nu aveti grija drumului<\/span><\/span><\/p>\r\n\n\n\n\n\n\n\n\r\n<h6><span style=\"vertical-align: inherit;\"><span style=\"vertical-align: inherit;\">Despre noi<\/span><\/span><\/h6>\r\n\n\n\n\n\n\n\n\n\r\n<p><span style=\"1vertical-align: inherit;\"><span style=\"vertical-align: inherit;\"><span style=\"vertical-align: inherit;\"><span style=\"vertical-align: inherit;\">Salut\u00a0<\/span><\/span><\/span><\/span><\/p>\r\n\n\r\n<p><span style=\"vertical-align: inherit;\"><span style=\"vertical-align: inherit;\">Serviciu De Transport \u00een Buz\u0103u asigura clientii ca vor avea parte de confort si profesionalism din partea soferilor Deschis astazi pana la ora 23:00<\/span><\/span><\/p>\r\n\n\r\n<p>Marius Dumitru<\/p>\r\n\n\n\n\n\n\n\n\r\n<h6><span style=\"vertical-align: inherit;\"><span style=\"vertical-align: inherit;\">CARACTERISTICA GENIAL\u0102<\/span><\/span><\/h6>\r\n\n\n\r\n<p><span style=\"vertical-align: inherit;\"><span style=\"vertical-align: inherit;\">Serviciu de taximetrie la cele mai inalte standarde europene oferite de Taxi Buzau<\/span><\/span><\/p>\r\n\n\n\n\n\n\n\n\n\n\n\n\n\n\n\n\n\n\r\n<h6>Taxi Buzau Romania<\/h6>\r\n\n\n\r\n<p>\u00cenfin\u0163at\u0103 \u00een anul 2000 compania Taxi Buzau a pornit la drum venind \u00een sprijinul clien\u0163ilor pentru a satisface cerin\u0163ele celor interesa\u0163i de un mijloc de transport cu care s\u0103 se poat\u0103 deplasa rapid \u015fi sigur. \u00cen timp scurt compania a crescut ca num\u0103r de autoturisme \u015fi num\u0103r de clien\u0163i.<\/p>\r\n<p>Ca \u00een toate domeniile de activitate, \u00een ultimi ani concuren\u0163a a devenit acerb\u0103, cu toate acestea Taxi Buzau a reu\u015fit s\u0103 se men\u0163in\u0103 \u00een acest domeniu de activitate datorit\u0103 clien\u0163ilor s\u0103i care au fost mul\u0163iumi\u0163i de serviciile oferite.<br \/>Cu acest prilej le mul\u0163umim!<\/p>\r\n<p>Datorit\u0103 dinamicii pie\u0163ei din ultimii ani \u015fi a concuren\u0163ei din ce \u00een ce mai mare, compania a considerat c\u0103 trebuie s\u0103 fac\u0103 un pas important, astfel, \u00een anul 2013 am pornit cu o nou\u0103 conducere \u015fi imagine sub acela\u015fi brand, deservind astfel cererile din ce \u00een ce mai numeroase ale clien\u0163ilor.<br \/>\u00cen momentul de fa\u0163\u0103 compania are peste 20 de colaboratori care deservesc cerin\u0163ele clien\u0163ilor non stop.<\/p>\r\n<p>Pentru \u00eembun\u0103t\u0103\u0163irea calit\u0103\u0163ii serviciilor nu ezita\u0163i s\u0103 ne contacta\u0163i cu orice sugestii sau reclama\u0163ii la numerele \u015fi adresa specificate \u00een pagina de contact.<\/p>\r\n<p>V\u0103 mul\u0163umim pentru c\u0103 sunte\u0163i al\u0103turi de noi!<\/p>\r\n\n\n\n\r\n<h2>Buzau,Buzau,Romania<\/h2>\r\n\n\n\n\n\n\n\n\r\n<h6>Telefon 0040767743799\u00a0<\/h6>\r\n<p>Telefon 0040786300368<\/p>\r\n\n\n\r\n<p>Telefon 0040767743799<\/p>\r\n\n\n\n\n\n\r\n<h6><span style=\"vertical-align: inherit;\"><span style=\"vertical-align: inherit;\">LISTA NOASTRA DE PRETURI<\/span><\/span><\/h6>\r\n\n\n\r\n<p><span style=\"vertical-align: inherit;\"><span style=\"vertical-align: inherit;\">Tarif zi 3ron\/km\/3ron pornirea<\/span><\/span><\/p>\r\n<p>Tarif noapte 3.5ron\/km\/3.5ron pornirea<\/p>\r\n\n\n\n\n\n\r\n<h5 class=\"yellow\">PLATA CASH SAU CARD<\/h5>\r\n<p>La sfarsitul calatoriei platesti cursa prin ce modalitate doresti, cash sau card.<\/p>\r\n\n\n\r\n<h5 class=\"yellow\">SIGURANTA SI CALITATE<\/h5>\r\n<p>Sistem integrat de control al sigurantei si calitatii.<\/p>\r\n\n\n\n\r\n<p>Datorit\u0103 dinamicii pie\u0163ei din ultimii ani \u015fi a concuren\u0163ei din ce \u00een ce mai mare, compania a considerat c\u0103 trebuie s\u0103 fac\u0103 un pas important, astfel, \u00een anul 2013 am pornit cu o nou\u0103 conducere \u015fi imagine sub acela\u015fi brand, deservind astfel cererile din ce \u00een ce mai numeroase ale clien\u0163ilor.<\/p>\r\n\n\n\n\n\n\n\n\n\n\n","protected":false},"excerpt":{"rendered":"","protected":false},"author":10,"featured_media":194,"parent":0,"menu_order":0,"comment_status":"closed","ping_status":"closed","template":"","meta":{"footnotes":""},"class_list":["post-66","page","type-page","status-publish","has-post-thumbnail","hentry"],"_links":{"self":[{"href":"https:\/\/taxibuzau.ro\/index.php?rest_route=\/wp\/v2\/pages\/66","targetHints":{"allow":["GET"]}}],"collection":[{"href":"https:\/\/taxibuzau.ro\/index.php?rest_route=\/wp\/v2\/pages"}],"about":[{"href":"https:\/\/taxibuzau.ro\/index.php?rest_route=\/wp\/v2\/types\/page"}],"author":[{"embeddable":true,"href":"https:\/\/taxibuzau.ro\/index.php?rest_route=\/wp\/v2\/users\/10"}],"replies":[{"embeddable":true,"href":"https:\/\/taxibuzau.ro\/index.php?rest_route=%2Fwp%2Fv2%2Fcomments&post=66"}],"version-history":[{"count":28,"href":"https:\/\/taxibuzau.ro\/index.php?rest_route=\/wp\/v2\/pages\/66\/revisions"}],"predecessor-version":[{"id":1695,"href":"https:\/\/taxibuzau.ro\/index.php?rest_route=\/wp\/v2\/pages\/66\/revisions\/1695"}],"wp:featuredmedia":[{"embeddable":true,"href":"https:\/\/taxibuzau.ro\/index.php?rest_route=\/wp\/v2\/media\/194"}],"wp:attachment":[{"href":"https:\/\/taxibuzau.ro\/index.php?rest_route=%2Fwp%2Fv2%2Fmedia&parent=66"}],"curies":[{"name":"wp","href":"https:\/\/api.w.org\/{rel}","templated":true}]}}